{"id":489,"date":"2022-06-18T11:43:40","date_gmt":"2022-06-18T14:43:40","guid":{"rendered":"http:\/\/rurales.com.br\/site\/?page_id=489"},"modified":"2022-10-29T12:21:55","modified_gmt":"2022-10-29T14:21:55","slug":"lcdpr-livro-caixa-digital","status":"publish","type":"page","link":"http:\/\/rurales.com.br\/site\/lcdpr-livro-caixa-digital\/","title":{"rendered":"LCDPR &#8211; Livro Caixa Digital"},"content":{"rendered":"\n<div style=\"height:100px\" aria-hidden=\"true\" class=\"wp-block-spacer\"><\/div>\n\n\n\n<div class=\"wp-block-media-text alignwide is-stacked-on-mobile\"><figure class=\"wp-block-media-text__media\"><img loading=\"lazy\" decoding=\"async\" width=\"724\" height=\"483\" src=\"http:\/\/rurales.com.br\/site\/wp-content\/uploads\/2022\/10\/lcdpr_note_2.jpg\" alt=\"\" class=\"wp-image-513 size-full\" srcset=\"http:\/\/rurales.com.br\/site\/wp-content\/uploads\/2022\/10\/lcdpr_note_2.jpg 724w, http:\/\/rurales.com.br\/site\/wp-content\/uploads\/2022\/10\/lcdpr_note_2-300x200.jpg 300w\" sizes=\"auto, (max-width: 724px) 100vw, 724px\" \/><\/figure><div class=\"wp-block-media-text__content\">\n<p><strong>O que \u00e9 o LCDPR?<\/strong><br>O Livro Caixa Digital do Produtor Rural \u00e9 uma norma fiscal, que os produtores rurais t\u00eam com o Fisco.<br>Anualmente \u00e9 necess\u00e1rio declarar por meio digital tudo o que foi investido, receitas, despesas e outras movimenta\u00e7\u00f5es financeiras.<\/p>\n\n\n\n<p><\/p>\n<\/div><\/div>\n\n\n\n<p><br><br><strong>Qual o prazo de entrega do LCDPR?<\/strong><br>A declara\u00e7\u00e3o deve ser entrega, via portal do E-CAC, at\u00e9 o \u00faltimo dia da Declara\u00e7\u00e3o do Imposto de Renda Pessoa F\u00edsica &#8211; IRPF.<\/p>\n\n\n\n<div style=\"height:100px\" aria-hidden=\"true\" class=\"wp-block-spacer\"><\/div>\n\n\n\n<div class=\"wp-block-columns is-layout-flex wp-container-core-columns-is-layout-9d6595d7 wp-block-columns-is-layout-flex\">\n<div class=\"wp-block-column is-layout-flow wp-block-column-is-layout-flow\" style=\"flex-basis:66.66%\">\n<figure class=\"wp-block-image size-full\"><img loading=\"lazy\" decoding=\"async\" width=\"980\" height=\"551\" src=\"http:\/\/rurales.com.br\/site\/wp-content\/uploads\/2022\/10\/integrado_produtor_contador.png\" alt=\"\" class=\"wp-image-521\" srcset=\"http:\/\/rurales.com.br\/site\/wp-content\/uploads\/2022\/10\/integrado_produtor_contador.png 980w, http:\/\/rurales.com.br\/site\/wp-content\/uploads\/2022\/10\/integrado_produtor_contador-300x169.png 300w, http:\/\/rurales.com.br\/site\/wp-content\/uploads\/2022\/10\/integrado_produtor_contador-768x432.png 768w\" sizes=\"auto, (max-width: 980px) 100vw, 980px\" \/><\/figure>\n<\/div>\n\n\n\n<div class=\"wp-block-column is-layout-flow wp-block-column-is-layout-flow\" style=\"flex-basis:33.33%\">\n<p><strong>Integra\u00e7\u00f5es com Contadores<\/strong><br><br>Em tempo real, seus dados podem ser acompanhados pelo  seu contador de confian\u00e7a, poupando tempo e trabalho, sem custo algum adicional.<\/p>\n<\/div>\n<\/div>\n","protected":false},"excerpt":{"rendered":"<p>O que \u00e9 o LCDPR?O Livro Caixa Digital do Produtor Rural \u00e9 uma norma fiscal, que os produtores rurais t\u00eam com o Fisco.Anualmente \u00e9 necess\u00e1rio declarar por meio digital tudo o que foi investido, receitas, despesas e outras movimenta\u00e7\u00f5es financeiras. Qual o prazo de entrega do LCDPR?A declara\u00e7\u00e3o deve ser entrega, via portal do E-CAC, [&hellip;]<\/p>\n","protected":false},"author":1,"featured_media":0,"parent":0,"menu_order":0,"comment_status":"closed","ping_status":"closed","template":"","meta":{"footnotes":""},"class_list":["post-489","page","type-page","status-publish","hentry"],"_links":{"self":[{"href":"http:\/\/rurales.com.br\/site\/wp-json\/wp\/v2\/pages\/489","targetHints":{"allow":["GET"]}}],"collection":[{"href":"http:\/\/rurales.com.br\/site\/wp-json\/wp\/v2\/pages"}],"about":[{"href":"http:\/\/rurales.com.br\/site\/wp-json\/wp\/v2\/types\/page"}],"author":[{"embeddable":true,"href":"http:\/\/rurales.com.br\/site\/wp-json\/wp\/v2\/users\/1"}],"replies":[{"embeddable":true,"href":"http:\/\/rurales.com.br\/site\/wp-json\/wp\/v2\/comments?post=489"}],"version-history":[{"count":12,"href":"http:\/\/rurales.com.br\/site\/wp-json\/wp\/v2\/pages\/489\/revisions"}],"predecessor-version":[{"id":522,"href":"http:\/\/rurales.com.br\/site\/wp-json\/wp\/v2\/pages\/489\/revisions\/522"}],"wp:attachment":[{"href":"http:\/\/rurales.com.br\/site\/wp-json\/wp\/v2\/media?parent=489"}],"curies":[{"name":"wp","href":"https:\/\/api.w.org\/{rel}","templated":true}]}}