{"id":9,"date":"2020-10-27T05:02:39","date_gmt":"2020-10-27T05:02:39","guid":{"rendered":"http:\/\/seodo.themezinho.net\/?page_id=9"},"modified":"2025-12-15T17:19:52","modified_gmt":"2025-12-15T20:19:52","slug":"what-we-offer","status":"publish","type":"page","link":"https:\/\/rurales.com.br\/site\/","title":{"rendered":"Home"},"content":{"rendered":"<p>[vc_row motts_theme_padding=&#8221;no&#8221; css=&#8221;.vc_custom_1655562652684{margin-right: 0px !important;margin-left: 0px !important;padding-bottom: 50px !important;}&#8221;][vc_column css=&#8221;.vc_custom_1603778320534{padding-right: 0px !important;padding-left: 0px !important;}&#8221;][ts_hero_slider hero_slider=&#8221;47&#8243;][\/vc_column][\/vc_row][vc_row content_placement=&#8221;middle&#8221; motts_theme_padding=&#8221;no&#8221; use_container=&#8221;yes&#8221; css=&#8221;.vc_custom_1603961915955{padding-top: 100px !important;}&#8221;][vc_column offset=&#8221;vc_col-md-6&#8243;][ts_side_content display_button=&#8221;show&#8221; button_label=&#8221;Como funciona?&#8221; button_url=&#8221;http:\/\/rurales.com.br\/site\/lcdpr-livro-caixa-digital\/&#8221; tagline=&#8221;Welcome&#8221; title=&#8221;Agricultural seed market, whilst our farm traders&#8221; description=&#8221;Wild flowers , plants and fungi are the life support for all our wildlife and their colour and character light up our landscapes. But without our help , this priceless natural heritage is in danger of being lost.&#8221; side_content=&#8221;<\/p>\n<h2>LCDPR<\/h2>\n<h6>A emiss\u00e3o dos registros pode ser acompanhada em tempo real pelo seu contador<\/h6>\n<p>O m\u00f3dulo integrado ao Rurales auxilia o produtor diariamente na entrega do Livro Caixa Digital do Produtor Rural &#8211; LCDPR.&#8221;][\/vc_column][vc_column offset=&#8221;vc_col-md-6&#8243;][ts_side_slider display_notebox=&#8221;show&#8221; notebox=&#8221;Conhe\u00e7a o LCDPR da Rurales&#8221; details=&#8221;%5B%7B%22image%22%3A%2259%22%2C%22title%22%3A%22Image%22%7D%2C%7B%22image%22%3A%2260%22%2C%22title%22%3A%22Image%22%7D%2C%7B%22image%22%3A%2261%22%2C%22title%22%3A%22Image%22%7D%5D&#8221;][\/vc_column][\/vc_row][vc_row use_container=&#8221;yes&#8221;][vc_column width=&#8221;1\/3&#8243;][ts_image_content_box image=&#8221;66&#8243; title=&#8221;Processos Integrados&#8221; description=&#8221;Todos os processos s\u00e3o integrados, eficientes e precisos em n\u00edveis operacionais essenciais para para as empresas.&#8221; url=&#8221;\/work\/supporting-family-farmers\/&#8221;][\/vc_column][vc_column width=&#8221;1\/3&#8243;][ts_image_content_box image=&#8221;67&#8243; title=&#8221;Dados em tempo real&#8221; description=&#8221;Suas opera\u00e7\u00f5es financeiras, atendimento de pedidos, contratos de venda e pesagens, podem ser utilizados a qualquer momento que desejar.&#8221; url=&#8221;\/work\/the-building-movement\/&#8221;][\/vc_column][vc_column width=&#8221;1\/3&#8243;][ts_image_content_box image=&#8221;68&#8243; title=&#8221;Diferentes Culturas e Fazendas&#8221; description=&#8221;Gerencie todas as suas propriedades e culturas em um \u00fanico sistema e controle de permiss\u00e3o por usuario ou grupo.&#8221; url=&#8221;\/work\/promoting-farm-foods\/&#8221;][\/vc_column][\/vc_row][vc_row motts_theme_padding=&#8221;no&#8221; use_container=&#8221;yes&#8221; css=&#8221;.vc_custom_1603784920571{padding-top: 100px !important;}&#8221; section_background_image=&#8221;102&#8243;][vc_column][vc_row_inner][vc_column_inner width=&#8221;3\/4&#8243; offset=&#8221;vc_col-md-6&#8243;][ts_service_list_box tagline=&#8221;Organize tudo de forma&#8221; title=&#8221;Eficiente&#8221; details=&#8221;%5B%7B%22image%22%3A%22112%22%2C%22title%22%3A%22Gestao%20Financeira%20Rural%22%2C%22description%22%3A%22Organize%20seu%20fluxo%20de%20caixa%2C%20vincule%20diferentes%20contas%20ao%20software%20e%20fique%20em%20dia%20com%20as%20faturas.%20Rateio%20dos%20valores%20por%20plano%20financeiro%20%22%7D%2C%7B%22image%22%3A%22114%22%2C%22title%22%3A%22Controle%20de%20Estoque%22%2C%22description%22%3A%22Cada%20nota%20ou%20pedido%20movimenta%20seu%20estoque%2C%20pronto%20para%20utilizar%20em%20apontamentos.%22%7D%2C%7B%22image%22%3A%22115%22%2C%22title%22%3A%22Tarefas%20organizadas%22%2C%22description%22%3A%22Todas%20as%20tarefas%20de%20campo%2C%20programadas%2C%20com%20hist%C3%B3rico%20de%20execu%C3%A7%C3%A3o.%22%7D%5D&#8221;][\/vc_column_inner][\/vc_row_inner][\/vc_column][\/vc_row][vc_row use_container=&#8221;yes&#8221;][vc_column][vc_row_inner][vc_column_inner][ts_section_title tagline=&#8221;`{`Solicitar demonstra\u00e7\u00e3o gratuita`}`&#8221; title=&#8221;Gest\u00e3o inteligente para quem trata o agro como neg\u00f3cio.&#8221;][\/vc_column_inner][\/vc_row_inner][vc_row_inner content_placement=&#8221;middle&#8221;][vc_column_inner offset=&#8221;vc_col-md-8&#8243;][ts_side_image image=&#8221;122&#8243; alt=&#8221;Image&#8221;][\/vc_column_inner][vc_column_inner offset=&#8221;vc_col-md-4&#8243;][ts_side_content position=&#8221;right&#8221; display_link=&#8221;show&#8221; link_label=&#8221;`{`Quero conhecer o Rurales`}`&#8221; link_url=&#8221;\/site\/services-and-offers\/&#8221; title=&#8221;Sustainability and Climate Change&#8221; description=&#8221;Our agricultural background means we\u2019re equally at home meeting face-to-face with farmers as we are engaging.&#8221; side_content=&#8221;<\/p>\n<h5>Transforme sua gest\u00e3o rural agora<\/h5>\n<p>Chega de planilhas soltas, controles manuais e decis\u00f5es sem dados.<br \/>\nLeve sua fazenda para o pr\u00f3ximo n\u00edvel com o<strong> Rurales \u2013 Software do Agro<\/strong>.&#8221;][\/vc_column_inner][\/vc_row_inner][vc_empty_space height=&#8221;100px&#8221;][\/vc_column][\/vc_row][vc_row motts_theme_padding=&#8221;no&#8221; use_container=&#8221;yes&#8221; css=&#8221;.vc_custom_1603786590679{padding-bottom: 100px !important;}&#8221;][vc_column][vc_row_inner][vc_column_inner][ts_section_title title=&#8221;Confiado por produtores e consultores do agro&#8221;][\/vc_column_inner][\/vc_row_inner][vc_row_inner][vc_column_inner width=&#8221;1\/2&#8243; offset=&#8221;vc_col-md-4&#8243;][ts_icon_box icon=&#8221;106&#8243; description=&#8221;Produtividade e opera\u00e7\u00f5es em tempo real&#8221;][\/vc_column_inner][vc_column_inner width=&#8221;1\/2&#8243; offset=&#8221;vc_col-md-4&#8243;][ts_icon_box icon=&#8221;107&#8243; description=&#8221;Controle financeiro e custos de produ\u00e7\u00e3o&#8221;][\/vc_column_inner][vc_column_inner width=&#8221;1\/2&#8243; offset=&#8221;vc_col-md-4&#8243;][ts_icon_box icon=&#8221;108&#8243; description=&#8221;Estoque, m\u00e1quinas e patrim\u00f4nio&#8221;][\/vc_column_inner][vc_column_inner width=&#8221;1\/2&#8243; offset=&#8221;vc_col-md-4&#8243;][ts_icon_box icon=&#8221;109&#8243; description=&#8221;Fiscal, cont\u00e1bil e conformidade legal&#8221;][\/vc_column_inner][vc_column_inner width=&#8221;1\/2&#8243; offset=&#8221;vc_col-md-4&#8243;][ts_icon_box icon=&#8221;110&#8243; description=&#8221;Retaguarda para consultores agr\u00edcolas e financeiros&#8221;][\/vc_column_inner][vc_column_inner width=&#8221;1\/2&#8243; offset=&#8221;vc_col-md-4&#8243;][ts_icon_box icon=&#8221;111&#8243; description=&#8221;Produtores rurais que buscam profissionalizar a gest\u00e3o&#8221;][\/vc_column_inner][\/vc_row_inner][\/vc_column][\/vc_row][vc_row section_background_color=&#8221;#009a4e&#8221; use_container=&#8221;yes&#8221; css=&#8221;.vc_custom_1603808261393{margin-right: 0px !important;margin-left: 0px !important;}&#8221;][vc_column css=&#8221;.vc_custom_1603808266724{padding-right: 0px !important;padding-left: 0px !important;}&#8221;][ts_timeline_slider title=&#8221;The Openfield Timeline&#8221; details=&#8221;%5B%7B%22year%22%3A%222020%22%2C%22title%22%3A%22Farming%20in%20the%20Middle%20Ages%22%2C%22description%22%3A%22%20Farming%20improved%20in%20the%20Middle%20Ages.%20One%20big%20improvement%20was%20the%20heavy%20plow%20sometime.%20%22%7D%2C%7B%22year%22%3A%222016%22%2C%22title%22%3A%22World%E2%80%99s%20food%20and%20fabrics%22%2C%22description%22%3A%22Agriculture%20provides%20most%20of%20the%20world%E2%80%99s%20food%20and%20fabrics.%20Cotton%2C%20wool%2C%20and%20leather%20are%20all%20agricultural%20products.%20%22%7D%2C%7B%22year%22%3A%222012%22%2C%22title%22%3A%22Wood%20agricultural%20methods%22%2C%22description%22%3A%22Agriculture%20also%20provides%20wood%20agricultural%20methods%20used%20%20for%20construction%20and%20paper%20products.%22%7D%2C%7B%22year%22%3A%222008%22%2C%22title%22%3A%22Start%20of%20Agriculture%22%2C%22description%22%3A%22Over%20centuries%2C%20the%20growth%20of%20agriculture%20contributed%20to%20the%20rise%20of%20civilizations%20the%20heavy%20plow%20sometime.%20%22%7D%2C%7B%22year%22%3A%222004%22%2C%22title%22%3A%22Hunting%20wild%20animals%20and%20gathering%22%2C%22description%22%3A%22Before%20agriculture%20became%20widespread%2C%20people%20spent%20most%20of%20their%20lives%20searching%20for%20food%E2%80%94hunting%20wild%20animals%20and%20gathering%20wild%20plants.%22%7D%2C%7B%22year%22%3A%222000%22%2C%22title%22%3A%22Farming%20were%20cultivating%22%2C%22description%22%3A%22The%20first%20domesticated%20plant%20was%20probably%20rice%20or%20corn.%20Chinese%20farmers%20were%20cultivating%20rice%20as%20early%20as%207500%20BCE.%22%7D%5D&#8221;][\/vc_column][\/vc_row][vc_row motts_theme_padding=&#8221;no&#8221; use_predefined_class=&#8221;yes&#8221; section_background_image=&#8221;149&#8243; css=&#8221;.vc_custom_1603868376615{margin-right: 0px !important;margin-left: 0px !important;}&#8221; predefined_class=&#8221;timeline-image&#8221;][vc_column css=&#8221;.vc_custom_1603802217311{padding-right: 0px !important;padding-left: 0px !important;}&#8221;][vc_empty_space height=&#8221;600px&#8221;][vc_column_text]<\/p>\n<h6>.<\/h6>\n<p>[\/vc_column_text][\/vc_column][\/vc_row][vc_row use_container=&#8221;yes&#8221;][vc_column][ts_section_title tagline=&#8221;Source of our food&#8221; title=&#8221;Agricultural communities News&#8221;][ts_recent_news][\/vc_column][\/vc_row][vc_row motts_theme_padding=&#8221;no&#8221; use_container=&#8221;yes&#8221;][vc_column offset=&#8221;vc_col-md-4&#8243;][ts_year_box image=&#8221;170&#8243; value=&#8221;20&#8243; description=&#8221;Anos de experi\u00eancia com o AGRO&#8221;][\/vc_column][vc_column offset=&#8221;vc_col-md-offset-1 vc_col-md-7&#8243; css=&#8221;.vc_custom_1603813338566{margin-bottom: -70px !important;}&#8221;][ts_testimonial image=&#8221;534&#8243; testimonial=&#8221;Como consultor, o Rurales me d\u00e1 dados confi\u00e1veis para orientar meus clientes com muito mais seguran\u00e7a.&#8221; name=&#8221;Sidney Souza&#8221; subtitle=&#8221;\u2014 Consultor em Gest\u00e3o no Agro&#8221;][\/vc_column][\/vc_row][vc_row motts_theme_padding=&#8221;no&#8221; css=&#8221;.vc_custom_1603868144101{margin-right: 0px !important;margin-left: 0px !important;}&#8221;][vc_column css=&#8221;.vc_custom_1603868137702{padding-right: 0px !important;padding-left: 0px !important;}&#8221;][ts_highlight_slider details=&#8221;%5B%7B%22image%22%3A%22176%22%2C%22tagline%22%3A%22New%20Research%22%2C%22title%22%3A%22Global%20Sustainability%20%3Cbr%3EGoals%20Launched%22%2C%22button_label%22%3A%22More%20Information%22%2C%22button_url%22%3A%22%2Fabout%2F%22%7D%2C%7B%22image%22%3A%22177%22%2C%22tagline%22%3A%22Fields%20Fermantation%22%2C%22title%22%3A%22For%20Better%20Soleil%3Cbr%3EWe%20Care%20All%20Fields%22%2C%22button_label%22%3A%22More%20Information%22%2C%22button_url%22%3A%22%2Fabout%2F%22%7D%2C%7B%22image%22%3A%22178%22%2C%22tagline%22%3A%22Drink%20Opportuinities%22%2C%22title%22%3A%22Core%20Material%20of%20Wine%3Cbr%3E%20Oct%20Black%20Grape%22%2C%22button_label%22%3A%22More%20Information%22%2C%22button_url%22%3A%22%2Fabout%2F%22%7D%5D&#8221;][\/vc_column][\/vc_row]<\/p>\n","protected":false},"excerpt":{"rendered":"<p>[vc_row motts_theme_padding=&#8221;no&#8221; css=&#8221;.vc_custom_1655562652684{margin-right: 0px !important;margin-left: 0px !important;padding-bottom: 50px !important;}&#8221;][vc_column css=&#8221;.vc_custom_1603778320534{padding-right: 0px !important;padding-left: 0px !important;}&#8221;][ts_hero_slider hero_slider=&#8221;47&#8243;][\/vc_column][\/vc_row][vc_row content_placement=&#8221;middle&#8221; motts_theme_padding=&#8221;no&#8221; use_container=&#8221;yes&#8221; css=&#8221;.vc_custom_1603961915955{padding-top: 100px !important;}&#8221;][vc_column offset=&#8221;vc_col-md-6&#8243;][ts_side_content display_button=&#8221;show&#8221; button_label=&#8221;Como funciona?&#8221; button_url=&#8221;http:\/\/rurales.com.br\/site\/lcdpr-livro-caixa-digital\/&#8221; tagline=&#8221;Welcome&#8221; title=&#8221;Agricultural seed market, whilst our farm traders&#8221; description=&#8221;Wild flowers , plants and fungi are the life support for all our wildlife and their colour and character light up [&hellip;]<\/p>\n","protected":false},"author":1,"featured_media":0,"parent":0,"menu_order":0,"comment_status":"closed","ping_status":"closed","template":"page-builder.php","meta":{"footnotes":""},"class_list":["post-9","page","type-page","status-publish","hentry"],"_links":{"self":[{"href":"https:\/\/rurales.com.br\/site\/wp-json\/wp\/v2\/pages\/9","targetHints":{"allow":["GET"]}}],"collection":[{"href":"https:\/\/rurales.com.br\/site\/wp-json\/wp\/v2\/pages"}],"about":[{"href":"https:\/\/rurales.com.br\/site\/wp-json\/wp\/v2\/types\/page"}],"author":[{"embeddable":true,"href":"https:\/\/rurales.com.br\/site\/wp-json\/wp\/v2\/users\/1"}],"replies":[{"embeddable":true,"href":"https:\/\/rurales.com.br\/site\/wp-json\/wp\/v2\/comments?post=9"}],"version-history":[{"count":31,"href":"https:\/\/rurales.com.br\/site\/wp-json\/wp\/v2\/pages\/9\/revisions"}],"predecessor-version":[{"id":549,"href":"https:\/\/rurales.com.br\/site\/wp-json\/wp\/v2\/pages\/9\/revisions\/549"}],"wp:attachment":[{"href":"https:\/\/rurales.com.br\/site\/wp-json\/wp\/v2\/media?parent=9"}],"curies":[{"name":"wp","href":"https:\/\/api.w.org\/{rel}","templated":true}]}}